{"id":142,"date":"2023-10-19T11:47:35","date_gmt":"2023-10-19T09:47:35","guid":{"rendered":"https:\/\/handicapablebcn.com\/?page_id=142"},"modified":"2026-03-13T10:29:47","modified_gmt":"2026-03-13T09:29:47","slug":"reservas","status":"publish","type":"page","link":"https:\/\/handicapablebcn.com\/index.php\/reservas\/","title":{"rendered":"Reservas"},"content":{"rendered":"\n<p class=\"has-text-align-center\">Contacta con nosotros a trav\u00e9s de nuestra direcci\u00f3n de correo electr\u00f3nico info@handicapablebcn.com o por whatsapp al n\u00famero (0034) 660504993.<\/p>\n\n\n\n<div style=\"height:100px\" aria-hidden=\"true\" class=\"wp-block-spacer\"><\/div>\n\n\n\n<div style=\"height:100px\" aria-hidden=\"true\" class=\"wp-block-spacer\"><\/div>\n","protected":false},"excerpt":{"rendered":"<p>Contacta con nosotros a trav\u00e9s de nuestra direcci\u00f3n de correo electr\u00f3nico info@handicapablebcn.com o por whatsapp al n\u00famero (0034) 660504993.<\/p>\n","protected":false},"author":1,"featured_media":0,"parent":0,"menu_order":0,"comment_status":"closed","ping_status":"closed","template":"","meta":{"content-type":"","om_disable_all_campaigns":false,"_monsterinsights_skip_tracking":false,"_monsterinsights_sitenote_active":false,"_monsterinsights_sitenote_note":"","_monsterinsights_sitenote_category":0,"footnotes":""},"aioseo_notices":[],"_links":{"self":[{"href":"https:\/\/handicapablebcn.com\/index.php\/wp-json\/wp\/v2\/pages\/142"}],"collection":[{"href":"https:\/\/handicapablebcn.com\/index.php\/wp-json\/wp\/v2\/pages"}],"about":[{"href":"https:\/\/handicapablebcn.com\/index.php\/wp-json\/wp\/v2\/types\/page"}],"author":[{"embeddable":true,"href":"https:\/\/handicapablebcn.com\/index.php\/wp-json\/wp\/v2\/users\/1"}],"replies":[{"embeddable":true,"href":"https:\/\/handicapablebcn.com\/index.php\/wp-json\/wp\/v2\/comments?post=142"}],"version-history":[{"count":11,"href":"https:\/\/handicapablebcn.com\/index.php\/wp-json\/wp\/v2\/pages\/142\/revisions"}],"predecessor-version":[{"id":265,"href":"https:\/\/handicapablebcn.com\/index.php\/wp-json\/wp\/v2\/pages\/142\/revisions\/265"}],"wp:attachment":[{"href":"https:\/\/handicapablebcn.com\/index.php\/wp-json\/wp\/v2\/media?parent=142"}],"curies":[{"name":"wp","href":"https:\/\/api.w.org\/{rel}","templated":true}]}}