{"id":185,"date":"2023-10-19T18:57:56","date_gmt":"2023-10-19T16:57:56","guid":{"rendered":"https:\/\/handicapablebcn.com\/?page_id=185"},"modified":"2023-10-19T18:58:24","modified_gmt":"2023-10-19T16:58:24","slug":"servicios","status":"publish","type":"page","link":"https:\/\/handicapablebcn.com\/index.php\/servicios\/","title":{"rendered":"Servicios"},"content":{"rendered":"\n<div style=\"height:100px\" aria-hidden=\"true\" class=\"wp-block-spacer\"><\/div>\n\n\n\n<p class=\"has-text-align-center\">En Handicapable Barcelona dispondr\u00e1 de los siguientes servicios:<\/p>\n\n\n\n<p class=\"has-text-align-center\">Fisioterapia Traumatol\u00f3gica<br>Fisioterapia Respiratoria<br>Fisioterapia Neurol\u00f3gica<br>Fisioterapia Pedi\u00e1trica<br>Readaptaci\u00f3n Funcional en Bipedestaci\u00f3n, Marcha y Equilibrio<br>Electroterapia<br>Mecanoterapia<br>Osteopat\u00eda<br>Podolog\u00eda<\/p>\n\n\n\n<p class=\"has-text-align-center\"><br><br><br><\/p>\n","protected":false},"excerpt":{"rendered":"<p>En Handicapable Barcelona dispondr\u00e1 de los siguientes servicios: Fisioterapia Traumatol\u00f3gicaFisioterapia RespiratoriaFisioterapia Neurol\u00f3gicaFisioterapia Pedi\u00e1tricaReadaptaci\u00f3n Funcional en Bipedestaci\u00f3n, Marcha y EquilibrioElectroterapiaMecanoterapiaOsteopat\u00edaPodolog\u00eda<\/p>\n","protected":false},"author":1,"featured_media":0,"parent":0,"menu_order":0,"comment_status":"closed","ping_status":"closed","template":"","meta":{"content-type":"","om_disable_all_campaigns":false,"_monsterinsights_skip_tracking":false,"_monsterinsights_sitenote_active":false,"_monsterinsights_sitenote_note":"","_monsterinsights_sitenote_category":0,"footnotes":""},"aioseo_notices":[],"_links":{"self":[{"href":"https:\/\/handicapablebcn.com\/index.php\/wp-json\/wp\/v2\/pages\/185"}],"collection":[{"href":"https:\/\/handicapablebcn.com\/index.php\/wp-json\/wp\/v2\/pages"}],"about":[{"href":"https:\/\/handicapablebcn.com\/index.php\/wp-json\/wp\/v2\/types\/page"}],"author":[{"embeddable":true,"href":"https:\/\/handicapablebcn.com\/index.php\/wp-json\/wp\/v2\/users\/1"}],"replies":[{"embeddable":true,"href":"https:\/\/handicapablebcn.com\/index.php\/wp-json\/wp\/v2\/comments?post=185"}],"version-history":[{"count":3,"href":"https:\/\/handicapablebcn.com\/index.php\/wp-json\/wp\/v2\/pages\/185\/revisions"}],"predecessor-version":[{"id":229,"href":"https:\/\/handicapablebcn.com\/index.php\/wp-json\/wp\/v2\/pages\/185\/revisions\/229"}],"wp:attachment":[{"href":"https:\/\/handicapablebcn.com\/index.php\/wp-json\/wp\/v2\/media?parent=185"}],"curies":[{"name":"wp","href":"https:\/\/api.w.org\/{rel}","templated":true}]}}