{"id":189,"date":"2023-10-19T19:08:54","date_gmt":"2023-10-19T17:08:54","guid":{"rendered":"https:\/\/handicapablebcn.com\/?page_id=189"},"modified":"2023-10-23T17:16:33","modified_gmt":"2023-10-23T15:16:33","slug":"tarifas","status":"publish","type":"page","link":"https:\/\/handicapablebcn.com\/index.php\/tarifas\/","title":{"rendered":"Tarifas"},"content":{"rendered":"\n<h2 class=\"wp-block-heading\">Precio de Intensivo<\/h2>\n\n\n\n<p>Intensivo de una semana (20h): 1000\u20ac<br>Intensivo de dos semanas (40h): 1900\u20ac<br>Intensivo de tres semanas (60h): 2800\u20ac<br>Intensivo de cuatro semanas (80h): 3700\u20ac  <\/p>\n\n\n\n<p style=\"font-style:normal;font-weight:600\">Para intensivos de mayor duraci\u00f3n consultar<\/p>\n\n\n\n<div style=\"height:100px\" aria-hidden=\"true\" class=\"wp-block-spacer\"><\/div>\n\n\n\n<h2 class=\"wp-block-heading\">Precio por horas<\/h2>\n\n\n\n<p>Pese a que nuestra metodolog\u00eda est\u00e1 destinada pacientes afectos de patolog\u00edas neurol\u00f3gicas, tambi\u00e9n contemplamos el tratamiento de patolog\u00edas del d\u00eda a d\u00eda. En esos casos, el precio es de <strong>50\u20ac\/hora<\/strong> de tratamiento. <\/p>\n\n\n\n<p style=\"font-style:normal;font-weight:600\">Para este tipo de tratamiento consultar<\/p>\n\n\n\n<div style=\"height:100px\" aria-hidden=\"true\" class=\"wp-block-spacer\"><\/div>\n\n\n\n<p class=\"has-small-font-size\" style=\"font-style:italic;font-weight:500\">*Todas nuestras tarifas incluyen impuestos y tasas<\/p>\n","protected":false},"excerpt":{"rendered":"<p>Precio de Intensivo Intensivo de una semana (20h): 1000\u20acIntensivo de dos semanas (40h): 1900\u20acIntensivo de tres semanas (60h): 2800\u20acIntensivo de cuatro semanas (80h): 3700\u20ac Para intensivos de mayor duraci\u00f3n consultar Precio por horas Pese a que nuestra metodolog\u00eda est\u00e1 destinada pacientes afectos de patolog\u00edas neurol\u00f3gicas, tambi\u00e9n contemplamos el tratamiento de [&hellip;]<\/p>\n","protected":false},"author":1,"featured_media":0,"parent":0,"menu_order":0,"comment_status":"closed","ping_status":"closed","template":"","meta":{"content-type":"","om_disable_all_campaigns":false,"_monsterinsights_skip_tracking":false,"_monsterinsights_sitenote_active":false,"_monsterinsights_sitenote_note":"","_monsterinsights_sitenote_category":0,"footnotes":""},"aioseo_notices":[],"_links":{"self":[{"href":"https:\/\/handicapablebcn.com\/index.php\/wp-json\/wp\/v2\/pages\/189"}],"collection":[{"href":"https:\/\/handicapablebcn.com\/index.php\/wp-json\/wp\/v2\/pages"}],"about":[{"href":"https:\/\/handicapablebcn.com\/index.php\/wp-json\/wp\/v2\/types\/page"}],"author":[{"embeddable":true,"href":"https:\/\/handicapablebcn.com\/index.php\/wp-json\/wp\/v2\/users\/1"}],"replies":[{"embeddable":true,"href":"https:\/\/handicapablebcn.com\/index.php\/wp-json\/wp\/v2\/comments?post=189"}],"version-history":[{"count":5,"href":"https:\/\/handicapablebcn.com\/index.php\/wp-json\/wp\/v2\/pages\/189\/revisions"}],"predecessor-version":[{"id":233,"href":"https:\/\/handicapablebcn.com\/index.php\/wp-json\/wp\/v2\/pages\/189\/revisions\/233"}],"wp:attachment":[{"href":"https:\/\/handicapablebcn.com\/index.php\/wp-json\/wp\/v2\/media?parent=189"}],"curies":[{"name":"wp","href":"https:\/\/api.w.org\/{rel}","templated":true}]}}