{"id":202,"date":"2023-10-23T12:56:45","date_gmt":"2023-10-23T10:56:45","guid":{"rendered":"https:\/\/handicapablebcn.com\/?page_id=202"},"modified":"2023-10-23T12:56:45","modified_gmt":"2023-10-23T10:56:45","slug":"fisioterapia-traumatologica","status":"publish","type":"page","link":"https:\/\/handicapablebcn.com\/index.php\/fisioterapia-traumatologica\/","title":{"rendered":"Fisioterapia Traumatol\u00f3gica"},"content":{"rendered":"\n<div style=\"height:100px\" aria-hidden=\"true\" class=\"wp-block-spacer\"><\/div>\n\n\n\n<p>Especialidad de la\u00a0fisioterapia\u00a0que se define como el arte y la ciencia del tratamiento mediante agentes f\u00edsicos de la patolog\u00eda traum\u00e1tica.<\/p>\n\n\n\n<p>Dentro de ella, podemos citar:\u00a0fractura\u00a0\u00f3sea,\u00a0luxaci\u00f3n, politraumatismos,\u00a0esguince, patolog\u00eda traum\u00e1tica muscular, etc.<\/p>\n\n\n\n<p>Para el abordaje, el\u00a0fisioterapeuta\u00a0especialista en\u00a0traumatolog\u00eda\u00a0desarrolla, a partir del diagn\u00f3stico m\u00e9dico, una valoraci\u00f3n detallada del paciente y desarrolla un protocolo de acci\u00f3n terap\u00e9utica encaminado principalmente a:<\/p>\n\n\n\n<ul>\n<li>Alivio del\u00a0dolor.<\/li>\n\n\n\n<li>Reducci\u00f3n de la\u00a0inflamaci\u00f3n.<\/li>\n\n\n\n<li>Recuperaci\u00f3n de la movilidad.<\/li>\n\n\n\n<li>Recuperaci\u00f3n funcional del paciente.<\/li>\n<\/ul>\n\n\n\n<p>Para ello utiliza t\u00e9cnicas de, masoterapia, kinesioterapia,\u00a0magnetoterapia,\u00a0electroterapia,\u00a0ultrasonoterapia,\u00a0hidroterapia,\u00a0FNP\u00a0(Estiramientos Anal\u00edticos en Fisioterapia), y todas cuantas derivadas de los agentes f\u00edsicos considerase oportuno realizar.<\/p>\n\n\n\n<div style=\"height:100px\" aria-hidden=\"true\" class=\"wp-block-spacer\"><\/div>\n","protected":false},"excerpt":{"rendered":"<p>Especialidad de la\u00a0fisioterapia\u00a0que se define como el arte y la ciencia del tratamiento mediante agentes f\u00edsicos de la patolog\u00eda traum\u00e1tica. Dentro de ella, podemos citar:\u00a0fractura\u00a0\u00f3sea,\u00a0luxaci\u00f3n, politraumatismos,\u00a0esguince, patolog\u00eda traum\u00e1tica muscular, etc. Para el abordaje, el\u00a0fisioterapeuta\u00a0especialista en\u00a0traumatolog\u00eda\u00a0desarrolla, a partir del diagn\u00f3stico m\u00e9dico, una valoraci\u00f3n detallada del paciente y desarrolla un protocolo de [&hellip;]<\/p>\n","protected":false},"author":1,"featured_media":0,"parent":0,"menu_order":0,"comment_status":"closed","ping_status":"closed","template":"","meta":{"content-type":"","om_disable_all_campaigns":false,"_monsterinsights_skip_tracking":false,"_monsterinsights_sitenote_active":false,"_monsterinsights_sitenote_note":"","_monsterinsights_sitenote_category":0,"footnotes":""},"aioseo_notices":[],"_links":{"self":[{"href":"https:\/\/handicapablebcn.com\/index.php\/wp-json\/wp\/v2\/pages\/202"}],"collection":[{"href":"https:\/\/handicapablebcn.com\/index.php\/wp-json\/wp\/v2\/pages"}],"about":[{"href":"https:\/\/handicapablebcn.com\/index.php\/wp-json\/wp\/v2\/types\/page"}],"author":[{"embeddable":true,"href":"https:\/\/handicapablebcn.com\/index.php\/wp-json\/wp\/v2\/users\/1"}],"replies":[{"embeddable":true,"href":"https:\/\/handicapablebcn.com\/index.php\/wp-json\/wp\/v2\/comments?post=202"}],"version-history":[{"count":1,"href":"https:\/\/handicapablebcn.com\/index.php\/wp-json\/wp\/v2\/pages\/202\/revisions"}],"predecessor-version":[{"id":203,"href":"https:\/\/handicapablebcn.com\/index.php\/wp-json\/wp\/v2\/pages\/202\/revisions\/203"}],"wp:attachment":[{"href":"https:\/\/handicapablebcn.com\/index.php\/wp-json\/wp\/v2\/media?parent=202"}],"curies":[{"name":"wp","href":"https:\/\/api.w.org\/{rel}","templated":true}]}}