{"id":204,"date":"2023-10-23T12:58:11","date_gmt":"2023-10-23T10:58:11","guid":{"rendered":"https:\/\/handicapablebcn.com\/?page_id=204"},"modified":"2023-10-23T13:27:56","modified_gmt":"2023-10-23T11:27:56","slug":"fisioterapia-respiratoria","status":"publish","type":"page","link":"https:\/\/handicapablebcn.com\/index.php\/fisioterapia-respiratoria\/","title":{"rendered":"Fisioterapia Respiratoria"},"content":{"rendered":"\n<div style=\"height:100px\" aria-hidden=\"true\" class=\"wp-block-spacer\"><\/div>\n\n\n\n<p>La\u00a0fisioterapia respiratoria\u00a0(FTR) es una especialidad de la\u00a0fisioterapia\u00a0dedicada a la prevenci\u00f3n, tratamiento y estabilizaci\u00f3n de las disfunciones o alteraciones respiratorias, cuyo objetivo general es mejorar la ventilaci\u00f3n regional pulmonar, el\u00a0intercambio de gases, la funci\u00f3n de los m\u00fasculos respiratorios, la\u00a0disnea, la tolerancia al ejercicio y la calidad de vida relacionada con la salud (CVRS). Est\u00e1 constituida por una serie de t\u00e9cnicas y procedimientos especializados de valoraci\u00f3n diagnostica funcional del\u00a0sistema respiratorio\u00a0y por t\u00e9cnicas de intervenci\u00f3n terap\u00e9utica de desobstrucci\u00f3n de las v\u00edas a\u00e9reas, de reeducaci\u00f3n respiratoria y de re-adaptaci\u00f3n al esfuerzo.<\/p>\n\n\n\n<div style=\"height:100px\" aria-hidden=\"true\" class=\"wp-block-spacer\"><\/div>\n","protected":false},"excerpt":{"rendered":"<p>La\u00a0fisioterapia respiratoria\u00a0(FTR) es una especialidad de la\u00a0fisioterapia\u00a0dedicada a la prevenci\u00f3n, tratamiento y estabilizaci\u00f3n de las disfunciones o alteraciones respiratorias, cuyo objetivo general es mejorar la ventilaci\u00f3n regional pulmonar, el\u00a0intercambio de gases, la funci\u00f3n de los m\u00fasculos respiratorios, la\u00a0disnea, la tolerancia al ejercicio y la calidad de vida relacionada con la [&hellip;]<\/p>\n","protected":false},"author":1,"featured_media":0,"parent":0,"menu_order":0,"comment_status":"closed","ping_status":"closed","template":"","meta":{"content-type":"","om_disable_all_campaigns":false,"_monsterinsights_skip_tracking":false,"_monsterinsights_sitenote_active":false,"_monsterinsights_sitenote_note":"","_monsterinsights_sitenote_category":0,"footnotes":""},"aioseo_notices":[],"_links":{"self":[{"href":"https:\/\/handicapablebcn.com\/index.php\/wp-json\/wp\/v2\/pages\/204"}],"collection":[{"href":"https:\/\/handicapablebcn.com\/index.php\/wp-json\/wp\/v2\/pages"}],"about":[{"href":"https:\/\/handicapablebcn.com\/index.php\/wp-json\/wp\/v2\/types\/page"}],"author":[{"embeddable":true,"href":"https:\/\/handicapablebcn.com\/index.php\/wp-json\/wp\/v2\/users\/1"}],"replies":[{"embeddable":true,"href":"https:\/\/handicapablebcn.com\/index.php\/wp-json\/wp\/v2\/comments?post=204"}],"version-history":[{"count":2,"href":"https:\/\/handicapablebcn.com\/index.php\/wp-json\/wp\/v2\/pages\/204\/revisions"}],"predecessor-version":[{"id":230,"href":"https:\/\/handicapablebcn.com\/index.php\/wp-json\/wp\/v2\/pages\/204\/revisions\/230"}],"wp:attachment":[{"href":"https:\/\/handicapablebcn.com\/index.php\/wp-json\/wp\/v2\/media?parent=204"}],"curies":[{"name":"wp","href":"https:\/\/api.w.org\/{rel}","templated":true}]}}