{"id":206,"date":"2023-10-23T13:00:04","date_gmt":"2023-10-23T11:00:04","guid":{"rendered":"https:\/\/handicapablebcn.com\/?page_id=206"},"modified":"2023-10-23T13:49:07","modified_gmt":"2023-10-23T11:49:07","slug":"fisioterapia-neurologica","status":"publish","type":"page","link":"https:\/\/handicapablebcn.com\/index.php\/fisioterapia-neurologica\/","title":{"rendered":"Fisioterapia Neurol\u00f3gica"},"content":{"rendered":"\n<div style=\"height:100px\" aria-hidden=\"true\" class=\"wp-block-spacer\"><\/div>\n\n\n\n<p>La fisioterapia neurol\u00f3gica es una rama dentro de la fisioterapia que se dedica la\u00a0tratamiento de las alteraciones y lesiones ocasionadas por una afectaci\u00f3n del Sistema Nervioso central o perif\u00e9rico\u00a0y que afectan al movimiento.<\/p>\n\n\n\n<p>La fisioterapia neurol\u00f3gica centra su actividad en\u00a0mejorar la movilidad del paciente. Para ello crea nuevas rutas neurol\u00f3gicas y refuerza las ya existentes para que el movimiento tenga lugar. As\u00ed, tratar\u00e1 los diferentes trastornos motores afectados por una lesi\u00f3n a nivel del Sistema Nervioso Central (SNC). Estos pueden estar causados por un traumatismo, una determinada enfermedad o como consecuencia de un accidente cerebrovascular (ACV).<\/p>\n\n\n\n<p>Dentro de la\u00a0rehabilitaci\u00f3n neurol\u00f3gica, la fisioterapia neurol\u00f3gica requiere de la comunicaci\u00f3n entre todos lo\/as profesionales implicados. Es necesario conocer e identificar las caracter\u00edsticas y necesidades de cada paciente para tomar las decisiones adecuadas y adaptar las t\u00e9cnicas de fisioterapia de manera individualizadas. Por este motivo, el conocimiento de las\u00a0diferentes patolog\u00edas\u00a0que presente cada paciente es fundamental para el profesional fisioterapeuta.<\/p>\n\n\n\n<p>La\u00a0fisioterapia neurol\u00f3gica\u00a0puede aplicarse tanto en edad infantil como adulta. Las\u00a0necesidades ser\u00e1n diferentes\u00a0seg\u00fan la patolog\u00eda que se trate.<\/p>\n\n\n\n<p>As\u00ed, la\u00a0fisioterapia neurol\u00f3gica infantil\u00a0interviene desde los primeros meses de vida. Su objetivo es favorecer al m\u00e1ximo el\u00a0desarrollo motor\u00a0del ni\u00f1o, permitiendo que ni\u00f1os\/as que han sufrido una lesi\u00f3n\u00a0neurol\u00f3gica tengan un desarrollo motor adecuado o alcancen un desarrollo motor \u00f3ptimo. Esto les permitir\u00e1 alcanzar un\u00a0grado de independencia\u00a0en las tareas cotidianas.<\/p>\n\n\n\n<p>La\u00a0fisioterapia neurol\u00f3gica en edad adulta\u00a0se centra en dos \u00e1mbitos diferenciados. Por una parte estar\u00e1n las personas con un\u00a0da\u00f1o o lesi\u00f3n cerebral, producido por un da\u00f1o cerebral adquirido (DCA), traumatismo craneoencef\u00e1lico (TCE), etc.<\/p>\n\n\n\n<p>Su objetivo ser\u00e1 conseguir una\u00a0mejora f\u00edsica\u00a0y\u00a0potenciar la movilidad\u00a0del paciente, evitando patrones posturales y de movimiento que provoquen dolor o malformaciones futuras. En estos casos, el\/la\u00a0fisioterapeuta realizar\u00e1 una intervenci\u00f3n desde los primeros d\u00edas hasta finalizar la rehabilitaci\u00f3n.<\/p>\n\n\n\n<p>Por otro lado encontraremos la\u00a0rehabilitaci\u00f3n de enfermedades neuromusculares\u00a0y trastornos neurodegenerativos\u00a0como el\u00a0Parkinson\u00a0o la\u00a0esclerosis m\u00faltiple.\u00a0Estas pueden precisar un tratamiento menos intenso, aunque s\u00ed un peque\u00f1o seguimiento peri\u00f3dico para reeducar patrones y mantener todo el control voluntario disponible.<\/p>\n\n\n\n<div style=\"height:100px\" aria-hidden=\"true\" class=\"wp-block-spacer\"><\/div>\n","protected":false},"excerpt":{"rendered":"<p>La fisioterapia neurol\u00f3gica es una rama dentro de la fisioterapia que se dedica la\u00a0tratamiento de las alteraciones y lesiones ocasionadas por una afectaci\u00f3n del Sistema Nervioso central o perif\u00e9rico\u00a0y que afectan al movimiento. La fisioterapia neurol\u00f3gica centra su actividad en\u00a0mejorar la movilidad del paciente. Para ello crea nuevas rutas neurol\u00f3gicas [&hellip;]<\/p>\n","protected":false},"author":1,"featured_media":0,"parent":0,"menu_order":0,"comment_status":"closed","ping_status":"closed","template":"","meta":{"content-type":"","om_disable_all_campaigns":false,"_monsterinsights_skip_tracking":false,"_monsterinsights_sitenote_active":false,"_monsterinsights_sitenote_note":"","_monsterinsights_sitenote_category":0,"footnotes":""},"aioseo_notices":[],"_links":{"self":[{"href":"https:\/\/handicapablebcn.com\/index.php\/wp-json\/wp\/v2\/pages\/206"}],"collection":[{"href":"https:\/\/handicapablebcn.com\/index.php\/wp-json\/wp\/v2\/pages"}],"about":[{"href":"https:\/\/handicapablebcn.com\/index.php\/wp-json\/wp\/v2\/types\/page"}],"author":[{"embeddable":true,"href":"https:\/\/handicapablebcn.com\/index.php\/wp-json\/wp\/v2\/users\/1"}],"replies":[{"embeddable":true,"href":"https:\/\/handicapablebcn.com\/index.php\/wp-json\/wp\/v2\/comments?post=206"}],"version-history":[{"count":2,"href":"https:\/\/handicapablebcn.com\/index.php\/wp-json\/wp\/v2\/pages\/206\/revisions"}],"predecessor-version":[{"id":232,"href":"https:\/\/handicapablebcn.com\/index.php\/wp-json\/wp\/v2\/pages\/206\/revisions\/232"}],"wp:attachment":[{"href":"https:\/\/handicapablebcn.com\/index.php\/wp-json\/wp\/v2\/media?parent=206"}],"curies":[{"name":"wp","href":"https:\/\/api.w.org\/{rel}","templated":true}]}}