{"id":208,"date":"2023-10-23T13:05:04","date_gmt":"2023-10-23T11:05:04","guid":{"rendered":"https:\/\/handicapablebcn.com\/?page_id=208"},"modified":"2023-10-23T13:05:04","modified_gmt":"2023-10-23T11:05:04","slug":"fisioterapia-pediatrica","status":"publish","type":"page","link":"https:\/\/handicapablebcn.com\/index.php\/fisioterapia-pediatrica\/","title":{"rendered":"Fisioterapia Pedi\u00e1trica"},"content":{"rendered":"\n<div style=\"height:100px\" aria-hidden=\"true\" class=\"wp-block-spacer\"><\/div>\n\n\n\n<p>La\u00a0fisioterapia pedi\u00e1trica\u00a0es la disciplina de la\u00a0fisioterapia\u00a0que trata las enfermedades que se producen en los beb\u00e9s y ni\u00f1os, tanto cong\u00e9nitas como adquiridas.<\/p>\n\n\n\n<p>Una de las necesidades del\u00a0fisioterapeuta\u00a0pedi\u00e1trico es conocer el desarrollo motor del ni\u00f1o desde el nacimiento hasta los dos a\u00f1os, que es donde se producen los mayores cambios; as\u00ed como tener en cuenta que el ni\u00f1o no es un adulto en miniatura, sino que sus estructuras \u00f3seas y musculares evolucionan seg\u00fan van creciendo, por lo que es necesario un buen diagn\u00f3stico ortop\u00e9dico y neurol\u00f3gico.<\/p>\n\n\n\n<p>En pediatr\u00eda se valora y trata el ni\u00f1o, en colaboraci\u00f3n con los padres. Adem\u00e1s de la gran necesidad de un trabajo multidisciplinar coordinado junto con otros profesionales como son: neur\u00f3logos, traumat\u00f3logos, rehabilitadores, neonat\u00f3logos, terapeutas ocupacionales, logopedas, psic\u00f3logos, enfermeros, o t\u00e9cnicos ortopedas. Todo para conseguir el m\u00e1ximo grado de recuperaci\u00f3n, de evoluci\u00f3n del ni\u00f1o y la m\u00e1xima calidad de vida.<\/p>\n\n\n\n<div style=\"height:100px\" aria-hidden=\"true\" class=\"wp-block-spacer\"><\/div>\n","protected":false},"excerpt":{"rendered":"<p>La\u00a0fisioterapia pedi\u00e1trica\u00a0es la disciplina de la\u00a0fisioterapia\u00a0que trata las enfermedades que se producen en los beb\u00e9s y ni\u00f1os, tanto cong\u00e9nitas como adquiridas. Una de las necesidades del\u00a0fisioterapeuta\u00a0pedi\u00e1trico es conocer el desarrollo motor del ni\u00f1o desde el nacimiento hasta los dos a\u00f1os, que es donde se producen los mayores cambios; as\u00ed como [&hellip;]<\/p>\n","protected":false},"author":1,"featured_media":0,"parent":0,"menu_order":0,"comment_status":"closed","ping_status":"closed","template":"","meta":{"content-type":"","om_disable_all_campaigns":false,"_monsterinsights_skip_tracking":false,"_monsterinsights_sitenote_active":false,"_monsterinsights_sitenote_note":"","_monsterinsights_sitenote_category":0,"footnotes":""},"aioseo_notices":[],"_links":{"self":[{"href":"https:\/\/handicapablebcn.com\/index.php\/wp-json\/wp\/v2\/pages\/208"}],"collection":[{"href":"https:\/\/handicapablebcn.com\/index.php\/wp-json\/wp\/v2\/pages"}],"about":[{"href":"https:\/\/handicapablebcn.com\/index.php\/wp-json\/wp\/v2\/types\/page"}],"author":[{"embeddable":true,"href":"https:\/\/handicapablebcn.com\/index.php\/wp-json\/wp\/v2\/users\/1"}],"replies":[{"embeddable":true,"href":"https:\/\/handicapablebcn.com\/index.php\/wp-json\/wp\/v2\/comments?post=208"}],"version-history":[{"count":1,"href":"https:\/\/handicapablebcn.com\/index.php\/wp-json\/wp\/v2\/pages\/208\/revisions"}],"predecessor-version":[{"id":209,"href":"https:\/\/handicapablebcn.com\/index.php\/wp-json\/wp\/v2\/pages\/208\/revisions\/209"}],"wp:attachment":[{"href":"https:\/\/handicapablebcn.com\/index.php\/wp-json\/wp\/v2\/media?parent=208"}],"curies":[{"name":"wp","href":"https:\/\/api.w.org\/{rel}","templated":true}]}}