{"id":210,"date":"2023-10-23T13:14:22","date_gmt":"2023-10-23T11:14:22","guid":{"rendered":"https:\/\/handicapablebcn.com\/?page_id=210"},"modified":"2023-10-23T13:14:22","modified_gmt":"2023-10-23T11:14:22","slug":"bipedestacion-marcha-y-equilibrio","status":"publish","type":"page","link":"https:\/\/handicapablebcn.com\/index.php\/bipedestacion-marcha-y-equilibrio\/","title":{"rendered":"Bipedestaci\u00f3n marcha y equilibrio"},"content":{"rendered":"\n<div style=\"height:100px\" aria-hidden=\"true\" class=\"wp-block-spacer\"><\/div>\n\n\n\n<p>La readaptaci\u00f3n funcional consiste en un sistema de ejercicios f\u00edsicos y consignas para poder adquirir una capacidad funcional \u00f3ptima de cara a hacer frente a las actividades de la vida diaria.<\/p>\n\n\n\n<p>En este caso hacemos hincapi\u00e9 en la bipedestaci\u00f3n (posici\u00f3n mantenida est\u00e1tica de pie), la marcha (andar) y el equilibrio, tanto est\u00e1tico como din\u00e1mico. <\/p>\n\n\n\n<div style=\"height:100px\" aria-hidden=\"true\" class=\"wp-block-spacer\"><\/div>\n","protected":false},"excerpt":{"rendered":"<p>La readaptaci\u00f3n funcional consiste en un sistema de ejercicios f\u00edsicos y consignas para poder adquirir una capacidad funcional \u00f3ptima de cara a hacer frente a las actividades de la vida diaria. En este caso hacemos hincapi\u00e9 en la bipedestaci\u00f3n (posici\u00f3n mantenida est\u00e1tica de pie), la marcha (andar) y el equilibrio, [&hellip;]<\/p>\n","protected":false},"author":1,"featured_media":0,"parent":0,"menu_order":0,"comment_status":"closed","ping_status":"closed","template":"","meta":{"content-type":"","om_disable_all_campaigns":false,"_monsterinsights_skip_tracking":false,"_monsterinsights_sitenote_active":false,"_monsterinsights_sitenote_note":"","_monsterinsights_sitenote_category":0,"footnotes":""},"aioseo_notices":[],"_links":{"self":[{"href":"https:\/\/handicapablebcn.com\/index.php\/wp-json\/wp\/v2\/pages\/210"}],"collection":[{"href":"https:\/\/handicapablebcn.com\/index.php\/wp-json\/wp\/v2\/pages"}],"about":[{"href":"https:\/\/handicapablebcn.com\/index.php\/wp-json\/wp\/v2\/types\/page"}],"author":[{"embeddable":true,"href":"https:\/\/handicapablebcn.com\/index.php\/wp-json\/wp\/v2\/users\/1"}],"replies":[{"embeddable":true,"href":"https:\/\/handicapablebcn.com\/index.php\/wp-json\/wp\/v2\/comments?post=210"}],"version-history":[{"count":1,"href":"https:\/\/handicapablebcn.com\/index.php\/wp-json\/wp\/v2\/pages\/210\/revisions"}],"predecessor-version":[{"id":211,"href":"https:\/\/handicapablebcn.com\/index.php\/wp-json\/wp\/v2\/pages\/210\/revisions\/211"}],"wp:attachment":[{"href":"https:\/\/handicapablebcn.com\/index.php\/wp-json\/wp\/v2\/media?parent=210"}],"curies":[{"name":"wp","href":"https:\/\/api.w.org\/{rel}","templated":true}]}}