{"id":212,"date":"2023-10-23T13:15:57","date_gmt":"2023-10-23T11:15:57","guid":{"rendered":"https:\/\/handicapablebcn.com\/?page_id=212"},"modified":"2023-10-23T13:15:57","modified_gmt":"2023-10-23T11:15:57","slug":"electroterapia","status":"publish","type":"page","link":"https:\/\/handicapablebcn.com\/index.php\/electroterapia\/","title":{"rendered":"Electroterapia"},"content":{"rendered":"\n<div style=\"height:100px\" aria-hidden=\"true\" class=\"wp-block-spacer\"><\/div>\n\n\n\n<p>La\u00a0electroterapia\u00a0es una t\u00e9cnica que se engloba dentro de la medicina f\u00edsica y rehabilitaci\u00f3n y se define como el arte y la ciencia del tratamiento de lesiones y enfermedades por medio de la\u00a0electricidad.<\/p>\n\n\n\n<p>Actualmente, la tecnolog\u00eda ha desarrollado numerosos aparatos (productos sanitarios) para la aplicaci\u00f3n de la electroterapia sin correr riesgos de efectos secundarios, como los TENS o los estimuladores de alta o baja frecuencia.<\/p>\n\n\n\n<p>Los principales efectos de las distintas corrientes de electroterapia son:<\/p>\n\n\n\n<ul>\n<li>Antiinflamatorio.<\/li>\n\n\n\n<li>Analg\u00e9sico.<\/li>\n\n\n\n<li>Mejora del trofismo.<\/li>\n\n\n\n<li>Potenciaci\u00f3n neuro-muscular.<\/li>\n\n\n\n<li>T\u00e9rmico, en el caso de electroterapia de alta frecuencia.<\/li>\n\n\n\n<li>Fortalecimiento muscular.<\/li>\n\n\n\n<li>Mejora transporte de medicamentos.<\/li>\n\n\n\n<li>Disminuci\u00f3n de edema.<\/li>\n\n\n\n<li>Control de dolor.<\/li>\n\n\n\n<li>Mejora sanaci\u00f3n de heridas.<\/li>\n<\/ul>\n\n\n\n<div style=\"height:100px\" aria-hidden=\"true\" class=\"wp-block-spacer\"><\/div>\n","protected":false},"excerpt":{"rendered":"<p>La\u00a0electroterapia\u00a0es una t\u00e9cnica que se engloba dentro de la medicina f\u00edsica y rehabilitaci\u00f3n y se define como el arte y la ciencia del tratamiento de lesiones y enfermedades por medio de la\u00a0electricidad. Actualmente, la tecnolog\u00eda ha desarrollado numerosos aparatos (productos sanitarios) para la aplicaci\u00f3n de la electroterapia sin correr riesgos [&hellip;]<\/p>\n","protected":false},"author":1,"featured_media":0,"parent":0,"menu_order":0,"comment_status":"closed","ping_status":"closed","template":"","meta":{"content-type":"","om_disable_all_campaigns":false,"_monsterinsights_skip_tracking":false,"_monsterinsights_sitenote_active":false,"_monsterinsights_sitenote_note":"","_monsterinsights_sitenote_category":0,"footnotes":""},"aioseo_notices":[],"_links":{"self":[{"href":"https:\/\/handicapablebcn.com\/index.php\/wp-json\/wp\/v2\/pages\/212"}],"collection":[{"href":"https:\/\/handicapablebcn.com\/index.php\/wp-json\/wp\/v2\/pages"}],"about":[{"href":"https:\/\/handicapablebcn.com\/index.php\/wp-json\/wp\/v2\/types\/page"}],"author":[{"embeddable":true,"href":"https:\/\/handicapablebcn.com\/index.php\/wp-json\/wp\/v2\/users\/1"}],"replies":[{"embeddable":true,"href":"https:\/\/handicapablebcn.com\/index.php\/wp-json\/wp\/v2\/comments?post=212"}],"version-history":[{"count":1,"href":"https:\/\/handicapablebcn.com\/index.php\/wp-json\/wp\/v2\/pages\/212\/revisions"}],"predecessor-version":[{"id":213,"href":"https:\/\/handicapablebcn.com\/index.php\/wp-json\/wp\/v2\/pages\/212\/revisions\/213"}],"wp:attachment":[{"href":"https:\/\/handicapablebcn.com\/index.php\/wp-json\/wp\/v2\/media?parent=212"}],"curies":[{"name":"wp","href":"https:\/\/api.w.org\/{rel}","templated":true}]}}