{"id":216,"date":"2023-10-23T13:21:19","date_gmt":"2023-10-23T11:21:19","guid":{"rendered":"https:\/\/handicapablebcn.com\/?page_id=216"},"modified":"2023-10-23T13:21:19","modified_gmt":"2023-10-23T11:21:19","slug":"osteopatia","status":"publish","type":"page","link":"https:\/\/handicapablebcn.com\/index.php\/osteopatia\/","title":{"rendered":"Osteopat\u00eda"},"content":{"rendered":"\n<div style=\"height:100px\" aria-hidden=\"true\" class=\"wp-block-spacer\"><\/div>\n\n\n\n<p style=\"font-style:normal;font-weight:400\">La Osteopat\u00eda es la ciencia y el arte de diagnosticar y de tratar las disfunciones de movilidad de los tejidos del cuerpo humano, que provocan trastornos y perturban el estado de salud del organismo.<\/p>\n\n\n\n<p class=\"has-text-align-left\">La Osteopat\u00eda trata principalmente las patolog\u00edas musculoesquel\u00e9ticas m\u00e1s frecuentes que se dan en las consultas de atenci\u00f3n primaria y en las urgencias hospitalarias: Lumbalgias, cervicalgias, dorsalgias, esguinces cervicales y de tobillo, omalgias (dolores de hombro), tendinitis, artritis y en definitiva aquellas afectaciones osteomusculares habituales. Tambi\u00e9n es muy eficaz en casos espec\u00edficos de migra\u00f1as, v\u00e9rtigos, otitis, problemas circulatorios, digestivos, endocrinos, ginecol\u00f3gicos, urol\u00f3gicos, neurol\u00f3gicos, traumatol\u00f3gicos, etc.<\/p>\n\n\n\n<p class=\"has-text-align-left\">Tiene adem\u00e1s buenos resultados en Pediatr\u00eda, tanto en neonatos como en infantes en donde las patolog\u00edas tratadas con Osteopat\u00eda pedi\u00e1trica m\u00e1s frecuentes son: Plagiocefaleas, tort\u00edcolis, c\u00f3lico del lactante, alteraciones del sue\u00f1o, irritabilidad, estre\u00f1imiento, escoliosis, par\u00e1lisis braquiales, esguinces, etc.<\/p>\n\n\n\n<p><strong>&nbsp;Sustancialmente, existen tres tratamientos en Osteopat\u00eda:<\/strong><\/p>\n\n\n\n<ul>\n<li><strong><u>Estructural<\/u><\/strong>, que se dirige especialmente a los trastornos de las estructuras \u00f3seas, musculares y articulares.<\/li>\n\n\n\n<li><strong><u>Visceral<\/u><\/strong>, que se interesa por los \u00f3rganos como el h\u00edgado, el ri\u00f1\u00f3n, el est\u00f3mago\u2026<\/li>\n\n\n\n<li><strong><u>Craneal<\/u><\/strong>, que insiste en la noci\u00f3n de movilidad de los huesos del cr\u00e1neo y se dirige al desarrollo del reci\u00e9n nacido, del ni\u00f1o, as\u00ed como a los trastornos funcionales del adulto.<\/li>\n<\/ul>\n\n\n\n<div style=\"height:100px\" aria-hidden=\"true\" class=\"wp-block-spacer\"><\/div>\n","protected":false},"excerpt":{"rendered":"<p>La Osteopat\u00eda es la ciencia y el arte de diagnosticar y de tratar las disfunciones de movilidad de los tejidos del cuerpo humano, que provocan trastornos y perturban el estado de salud del organismo. La Osteopat\u00eda trata principalmente las patolog\u00edas musculoesquel\u00e9ticas m\u00e1s frecuentes que se dan en las consultas de [&hellip;]<\/p>\n","protected":false},"author":1,"featured_media":0,"parent":0,"menu_order":0,"comment_status":"closed","ping_status":"closed","template":"","meta":{"content-type":"","om_disable_all_campaigns":false,"_monsterinsights_skip_tracking":false,"_monsterinsights_sitenote_active":false,"_monsterinsights_sitenote_note":"","_monsterinsights_sitenote_category":0,"footnotes":""},"aioseo_notices":[],"_links":{"self":[{"href":"https:\/\/handicapablebcn.com\/index.php\/wp-json\/wp\/v2\/pages\/216"}],"collection":[{"href":"https:\/\/handicapablebcn.com\/index.php\/wp-json\/wp\/v2\/pages"}],"about":[{"href":"https:\/\/handicapablebcn.com\/index.php\/wp-json\/wp\/v2\/types\/page"}],"author":[{"embeddable":true,"href":"https:\/\/handicapablebcn.com\/index.php\/wp-json\/wp\/v2\/users\/1"}],"replies":[{"embeddable":true,"href":"https:\/\/handicapablebcn.com\/index.php\/wp-json\/wp\/v2\/comments?post=216"}],"version-history":[{"count":1,"href":"https:\/\/handicapablebcn.com\/index.php\/wp-json\/wp\/v2\/pages\/216\/revisions"}],"predecessor-version":[{"id":217,"href":"https:\/\/handicapablebcn.com\/index.php\/wp-json\/wp\/v2\/pages\/216\/revisions\/217"}],"wp:attachment":[{"href":"https:\/\/handicapablebcn.com\/index.php\/wp-json\/wp\/v2\/media?parent=216"}],"curies":[{"name":"wp","href":"https:\/\/api.w.org\/{rel}","templated":true}]}}