{"id":218,"date":"2023-10-23T13:22:26","date_gmt":"2023-10-23T11:22:26","guid":{"rendered":"https:\/\/handicapablebcn.com\/?page_id=218"},"modified":"2023-10-23T13:22:26","modified_gmt":"2023-10-23T11:22:26","slug":"podologia","status":"publish","type":"page","link":"https:\/\/handicapablebcn.com\/index.php\/podologia\/","title":{"rendered":"Podolog\u00eda"},"content":{"rendered":"\n<div style=\"height:100px\" aria-hidden=\"true\" class=\"wp-block-spacer\"><\/div>\n\n\n\n<p>La\u00a0podolog\u00eda es una rama de la\u00a0medicina\u00a0que tiene por objeto el estudio, diagn\u00f3stico y tratamiento de las\u00a0enfermedades\u00a0y alteraciones que afectan el\u00a0pie. El pod\u00f3logo es un especialista cualificado, a trav\u00e9s de sus a\u00f1os de estudios y su entrenamiento, para el diagn\u00f3stico y tratamiento de diversas afecciones del pie y tobillo. Los profesionales pod\u00f3logos tienen un amplio conocimiento en las ramas de la anatom\u00eda humana, fisiolog\u00eda, patofisiolog\u00eda, biomec\u00e1nica del miembro inferior, radiolog\u00eda, farmacolog\u00eda, medicina general y cirug\u00eda.<\/p>\n\n\n\n<p>La podolog\u00eda engloba los siguientes aspectos:<\/p>\n\n\n\n<ul>\n<li>Promoci\u00f3n de la salud integral.<\/li>\n\n\n\n<li>Prevenci\u00f3n de afecciones y deformidades del pie.<\/li>\n\n\n\n<li>Dar respuesta mediante t\u00e9cnicas diagn\u00f3sticas y tratamientos adecuados.<\/li>\n<\/ul>\n\n\n\n<div style=\"height:100px\" aria-hidden=\"true\" class=\"wp-block-spacer\"><\/div>\n","protected":false},"excerpt":{"rendered":"<p>La\u00a0podolog\u00eda es una rama de la\u00a0medicina\u00a0que tiene por objeto el estudio, diagn\u00f3stico y tratamiento de las\u00a0enfermedades\u00a0y alteraciones que afectan el\u00a0pie. El pod\u00f3logo es un especialista cualificado, a trav\u00e9s de sus a\u00f1os de estudios y su entrenamiento, para el diagn\u00f3stico y tratamiento de diversas afecciones del pie y tobillo. Los profesionales [&hellip;]<\/p>\n","protected":false},"author":1,"featured_media":0,"parent":0,"menu_order":0,"comment_status":"closed","ping_status":"closed","template":"","meta":{"content-type":"","om_disable_all_campaigns":false,"_monsterinsights_skip_tracking":false,"_monsterinsights_sitenote_active":false,"_monsterinsights_sitenote_note":"","_monsterinsights_sitenote_category":0,"footnotes":""},"aioseo_notices":[],"_links":{"self":[{"href":"https:\/\/handicapablebcn.com\/index.php\/wp-json\/wp\/v2\/pages\/218"}],"collection":[{"href":"https:\/\/handicapablebcn.com\/index.php\/wp-json\/wp\/v2\/pages"}],"about":[{"href":"https:\/\/handicapablebcn.com\/index.php\/wp-json\/wp\/v2\/types\/page"}],"author":[{"embeddable":true,"href":"https:\/\/handicapablebcn.com\/index.php\/wp-json\/wp\/v2\/users\/1"}],"replies":[{"embeddable":true,"href":"https:\/\/handicapablebcn.com\/index.php\/wp-json\/wp\/v2\/comments?post=218"}],"version-history":[{"count":1,"href":"https:\/\/handicapablebcn.com\/index.php\/wp-json\/wp\/v2\/pages\/218\/revisions"}],"predecessor-version":[{"id":219,"href":"https:\/\/handicapablebcn.com\/index.php\/wp-json\/wp\/v2\/pages\/218\/revisions\/219"}],"wp:attachment":[{"href":"https:\/\/handicapablebcn.com\/index.php\/wp-json\/wp\/v2\/media?parent=218"}],"curies":[{"name":"wp","href":"https:\/\/api.w.org\/{rel}","templated":true}]}}